{"id":94,"date":"2020-08-14T05:18:21","date_gmt":"2020-08-14T05:18:21","guid":{"rendered":"https:\/\/eemac.edu.mx\/?page_id=94"},"modified":"2021-06-14T22:30:16","modified_gmt":"2021-06-14T22:30:16","slug":"aviso-de-privacidad","status":"publish","type":"page","link":"https:\/\/eemac.edu.mx\/index.php\/aviso-de-privacidad\/","title":{"rendered":"AVISO DE PRIVACIDAD"},"content":{"rendered":"\n<p>La <strong>Escuela<\/strong>\u00a0de Enfermer\u00eda \u201cManuela \u00c1vila Camacho\u201d de Teziutl\u00e1n, Puebla, A.C. o EEMAC, con domicilio en Av. 5 de Mayo # 202, Colonia Centro, c. P. 73800 de Teziutl\u00e1n, Puebla; es responsable del tratamiento (obtenci\u00f3n, uso y protecci\u00f3n) de sus datos personales.<\/p>\n\n\n\n<p>Como contactarnos:<\/p>\n\n\n\n<figure class=\"wp-block-table\"><table><tbody><tr><td>Oficina de Privacidad:<\/td><td>Direcci\u00f3n de la Escuela de Enfermer\u00eda \u201cManuel \u00c1vila Camacho\u201d de Teziutl\u00e1n, Puebla, A.C.<\/td><\/tr><tr><td>Domicilio:<\/td><td>Av. 5 de Mayo #202, Colonia Centro, Teziutl\u00e1n, Puebla<\/td><\/tr><tr><td>Correo electr\u00f3nico:<\/td><td><a href=\"file:\/\/\/C:\/Users\/SKD\/Downloads\/%20%3Cscript%20language='JavaScript'%20type='text\/javascript'%3E%20%3C!--%20var%20prefix%20=%20'mailto:';%20var%20suffix%20=%20'';%20var%20attribs%20=%20'';%20var%20path%20=%20'hr'%20+%20'ef'%20+%20'=';%20var%20addy99558%20=%20'info'%20+%20'@';%20addy99558%20=%20addy99558%20+%20'eemac'%20+%20'.'%20+%20'edu'%20+%20'.'%20+%20'mx';%20document.write(%20'%3Ca%20'%20+%20path%20+%20'\/''%20+%20prefix%20+%20addy99558%20+%20suffix%20+%20'\/''%20+%20attribs%20+%20'%3E'%20);%20document.write(%20addy99558%20);%20document.write(%20'%3C\/\/a%3E'%20);%20\/\/--%3E%20%3C\/script%3E%3Cscript%20language='JavaScript'%20type='text\/javascript'%3E%20%3C!--%20document.write(%20'%3Cspan%20style=\/'display:%20none;\/'%3E'%20);%20\/\/--%3E%20%3C\/script%3EEsta%20direcci%C3%B3n%20electr%C3%B3nica%20esta%20protegida%20contra%20spam%20bots.%20Necesita%20activar%20JavaScript%20para%20visualizarla%20%3Cscript%20language='JavaScript'%20type='text\/javascript'%3E%20%3C!--%20document.write(%20'%3C\/'%20);%20document.write(%20'span%3E'%20);%20\/\/--%3E%20%3C\/script%3E\"><\/a><a href=\"mailto:info@eemac.edu.mx\">info@eemac.edu.mx<\/a><a href=\"mailto:info@eemac.edu.mx\">info@eemac.edu.mx<\/a><\/td><\/tr><tr><td>Tel\u00e9fono:<\/td><td>(01)&nbsp;231 312 5726<\/td><\/tr><\/tbody><\/table><\/figure>\n\n\n\n<p>Todos los datos mencionados en el presente documento, tienen como finalidadque los datos personales y\/o sensibles, en su caso, recabados por virtud del presente formato, &nbsp;puedan ser utilizados para &nbsp;la debida operaci\u00f3n de la Escuela, incluyendo su transmisi\u00f3n a Autoridades competentes, Secretar\u00eda de Educaci\u00f3n, Secretar\u00eda de Servicios de Salud y otras Instituciones Educativas, que tengan necesidad de conocerlos para el debido cumplimiento de los fines de esta Escuela, con el objeto de que los mismos sean utilizados para efectos acad\u00e9micos, administrativos, de mercadotecnia y estad\u00edsticos, incluyendo de manera enunciativa m\u00e1s no limitativa, la validaci\u00f3n de la autenticidad de certificados, t\u00edtulos, c\u00e9dulas, boletas, constancias o cualquier otro documento que sea expedido a favor del alumno, ex-alumno, o posible alumno, as\u00ed tambi\u00e9n la confirmaci\u00f3n de la autenticidad de la documentaci\u00f3n que Ud. Entregue.<\/p>\n\n\n\n<p>Sus datos personales y documentos ser\u00e1n utilizados para las siguientes finalidades:<\/p>\n\n\n\n<p>\u00b7&nbsp;la entrega de dichos datos a cualquier autoridad competente que lo solicite;<\/p>\n\n\n\n<p>\u00b7&nbsp;la realizaci\u00f3n de cualquier tr\u00e1mite interno de la Escuela que sea necesario para poder cumplir los fines de la misma;<\/p>\n\n\n\n<p>\u00b7&nbsp;el env\u00edo de informaci\u00f3n por parte de la Escuela que le sea necesaria o conveniente para cursar y terminar sus estudios;<\/p>\n\n\n\n<p>\u00b7&nbsp;su difusi\u00f3n en los diversos programas de pr\u00e1cticas hospitalarias \/ cl\u00ednicas y servicio social;<\/p>\n\n\n\n<p>\u00b7&nbsp;invitaci\u00f3n a ciertos eventos de la Escuela,<\/p>\n\n\n\n<p>\u00b7&nbsp;la cobranza de adeudos pendientes;<\/p>\n\n\n\n<p>\u00b7&nbsp;la evaluaci\u00f3n de la calidad del servicio de la Escuela,<\/p>\n\n\n\n<p>\u00b7&nbsp;Para poder comunicarnos con usted, cuando surja alg\u00fan asunto referente a la educaci\u00f3n del alumno<\/p>\n\n\n\n<p>\u00b7&nbsp;y en general, para cualquier fin acad\u00e9mico o administrativo que sea requerido o que tenga relaci\u00f3n con la condici\u00f3n de alumno, ex-alumno, o posible alumno de la Escuela,<\/p>\n\n\n\n<p>Para lo cual requerimos los siguientes datos:<\/p>\n\n\n\n<ul class=\"wp-block-list\"><li>Nombre Completo (Como aparece en el Acta de Nacimiento)<\/li><li>Direcci\u00f3n (Calle, N\u00famero, CP, Colonia, Localidad, Municipio, Estado)<\/li><li>N\u00famero de Tel\u00e9fono Particular<\/li><li>N\u00famero de Tel\u00e9fono Celular (Propio, y para aviso en caso de Emergencia)<\/li><li>Fecha de Nacimiento.<\/li><li>CURP<\/li><li>Correo Electr\u00f3nico.<\/li><li>Secundaria de Procedencia y A\u00f1o de Finalizaci\u00f3n<\/li><li>Cualquier otro dato que sea necesario para la debida prestaci\u00f3n de los servicios de la Escuela.<\/li><\/ul>\n\n\n\n<p>En caso de no contar con dicha informaci\u00f3n, la Escuela se ver\u00eda imposibilitada para inscribir y realizar cualquier tr\u00e1mite relacionado con el alumno, posible alumno o ex alumno.<\/p>\n\n\n\n<p>Para las finalidades se\u00f1aladas en el presente aviso de privacidad, podemos recabar sus datos personales de distintas formas:<\/p>\n\n\n\n<p>\u00b7&nbsp;cuando usted nos los proporciona directamente;<\/p>\n\n\n\n<p>\u00b7&nbsp;cuando visita nuestro sitio de internet y<\/p>\n\n\n\n<p>\u00b7&nbsp;cuando obtenemos informaci\u00f3n a trav\u00e9s de otras fuentes que est\u00e1n permitidas por la ley.<\/p>\n\n\n\n<p>Datos personales que recabamos de forma directa<\/p>\n\n\n\n<p>Recabamos sus datos personales de forma directa cuando usted mismo nos los proporciona por diversos medios, como cuando nos solicita un formato \u201cSolicitud de Ingreso\u201d a nuestra Escuela.<\/p>\n\n\n\n<p>\u00b7&nbsp;Nombre completo<\/p>\n\n\n\n<p>\u00b7&nbsp;Direcci\u00f3n<\/p>\n\n\n\n<p>\u00b7&nbsp;Tel\u00e9fono<\/p>\n\n\n\n<p>\u00b7&nbsp;Edad<\/p>\n\n\n\n<p>\u00b7&nbsp;Fecha de Nacimiento<\/p>\n\n\n\n<p>\u00b7&nbsp;CURP<\/p>\n\n\n\n<p>Datos Personales que recabamos en Internet<\/p>\n\n\n\n<p>Cabe mencionar, que al accesar sitios de internet, se podr\u00e1n encontrar con \u201ccookies\u201d que&nbsp; son archivos de texto que son descargados autom\u00e1ticamente y almacenados en el disco duro del equipo de c\u00f3mputo del usuario al navegar la p\u00e1gina de internet espec\u00edfica, los cuales &nbsp;permiten grabar en el servidor de Internet algunos de sus datos.<\/p>\n\n\n\n<p>Asimismo, las p\u00e1ginas de Internet pueden contener web beacons, que son im\u00e1genes insertadas en la p\u00e1gina o correo electr\u00f3nico, que pueden ser utilizadas para monitorear el comportamiento de un visitante, as\u00ed como para almacenar informaci\u00f3n sobre la direcci\u00f3n IP del usuario, duraci\u00f3n del tiempo de interacci\u00f3n de dicha p\u00e1gina y el tipo de navegador utilizado, entre otros.<\/p>\n\n\n\n<p>\u00b7&nbsp;Nombre Completo<\/p>\n\n\n\n<p>\u00b7&nbsp;Correo Electr\u00f3nico<\/p>\n\n\n\n<p>Datos personales que recabamos a trav\u00e9s de otras fuentes<\/p>\n\n\n\n<p>Podemos obtener informaci\u00f3n de usted de otras fuentes permitidas pos la ley, tales como los directorios telef\u00f3nicos o laborales. Los datos que obtenemos por estos medios pueden ser, entre otros:<\/p>\n\n\n\n<p>\u00b7&nbsp;CURP<\/p>\n\n\n\n<p>Le informamos que para cumplir con las finalidades previstas en este aviso de privacidad, ser\u00e1n recabados y tratados datos personales sensibles, como aquellos que refieren a su estado de salud.<\/p>\n\n\n\n<p>Nos comprometemos a que los mismos ser\u00e1n tratados bajo las m\u00e1s estrictas medidas de seguridad que garanticen su confidencialidad.<\/p>\n\n\n\n<p>De conformidad con lo que establece el art\u00edculo 9 de la ley en cita, requerimos de su consentimiento expreso para el tratamiento de sus datos personales sensibles, por lo que le solicitamos indique si acepta o no el tratamiento:<\/p>\n\n\n\n<p>__ Consiento que mis datos personales sensibles sean tratados conforme a los t\u00e9rminos y condiciones del presente aviso de privacidad.<\/p>\n\n\n\n<p class=\"has-text-align-center\">______________________________________________<\/p>\n\n\n\n<p class=\"has-text-align-center\">Nombre y firma aut\u00f3grafa del titular<\/p>\n\n\n\n<p>Usted y qui\u00e9n usted nombre \u201cTutor\u201d tienen derecho a acceder a sus datos personales que poseemos y a los detalles del tratamiento de los mismo, as\u00ed como a rectificarlos en caso de ser inexactos o incompletos; cancelarlos cuando considere que no se requieren para alguna de las finalidades se\u00f1alados en el presente aviso de privacidad, est\u00e9n siendo utilizados para finalidades no consentidas o haya finalizado la relaci\u00f3n contractual o de servicio, o bien, oponerse al tratamiento de los mismos para fines espec\u00edficos.<\/p>\n\n\n\n<p>El mecanismo que se ha implementado para el ejercicio de dichos derechos son a trav\u00e9s de la presentaci\u00f3n de la solicitud respectiva en:<\/p>\n\n\n\n<p>\u00b7&nbsp;De manera personal por el interesado, en las oficinas de la instituci\u00f3n<\/p>\n\n\n\n<p>Para mayor informaci\u00f3n, favor de comunicarse al departamento de privacidad al tel\u00e9fono (01)-231-312-5726 o al correo electr\u00f3nico&nbsp;<a href=\"mailto: <script language='JavaScript' type='text\/javascript'> <!-- var prefix = 'mailto:'; var suffix = ''; var attribs = ''; var path = 'hr' + 'ef' + '='; var addy19245 = 'info' + '@'; addy19245 = addy19245 + 'eemac' + '.' + 'edu' + '.' + 'mx'; document.write( '<a ' + path + '\\'' + prefix + addy19245 + suffix + '\\'' + attribs + '>' ); document.write( addy19245 ); document.write( '<\\\/a>' ); \/\/--> <\/script><script language='JavaScript' type='text\/javascript'> <!-- document.write( '<span style=\\'display: none;\\'>' ); \/\/--> <\/script>Esta direcci%C3%B3n electr%C3%B3nica esta protegida contra spam bots. Necesita activar JavaScript para visualizarla <script language='JavaScript' type='text\/javascript'> <!-- document.write( '<\/' ); document.write( 'span>' ); \/\/--> <\/script>&#8220;><\/a><a href=\"mailto:info@eemac.edu.mx\">info@eemac.edu.mx<\/a><a href=\"mailto:info@eemac.edu.mx\">info@eemac.edu.mx<\/a>.<\/p>\n\n\n\n<p>En todo momento, usted podr\u00e1 revocar el consentimiento que nos ha otorgado para el tratamiento de sus datos personales, a fin de que dejemos de hacer uso de los mismos. Para ello es necesario que presente su petici\u00f3n por escrito en las oficinas de la instituci\u00f3n.<\/p>\n\n\n\n<p>En un plazo m\u00e1ximo de 10 d\u00edas h\u00e1biles atenderemos su petici\u00f3n y le informaremos sobre la procedencia de la mismo a trav\u00e9s de su correo electr\u00f3nico o n\u00famero telef\u00f3nico.<\/p>\n\n\n\n<p>Nos comprometemos a no transferir su informaci\u00f3n personal a terceros sin su consentimiento, salvo las excepciones previstas en el art\u00edculo 37 de la Ley Federal de Protecci\u00f3n de Datos Personales en Posesi\u00f3n de los Particulares, as\u00ed como a realizar esta transferencia en los t\u00e9rminos que fija esa ley.<\/p>\n\n\n\n<p>Si usted no manifiesta su oposici\u00f3n para que sus datos personales sean transferidos, se entender\u00e1 que ha otorgado su consentimiento para ello.<\/p>\n\n\n\n<p>___&nbsp;consiento que mis datos personales sean transferidos en los t\u00e9rminos que se\u00f1ala el presente aviso de privacidad.<\/p>\n\n\n\n<p>Nos reservamos el derecho de efectuar en cualquier momento modificaciones o actualizaciones al presente aviso de privacidad. Para la atenci\u00f3n de novedades legislativas, pol\u00edticas internas o nuevos requerimientos para la presentaci\u00f3n u ofrecimiento de nuestros servicios.<\/p>\n\n\n\n<p>Estas modificaciones estar\u00e1n disponibles al p\u00fablico a trav\u00e9s de los siguientes medios:<\/p>\n\n\n\n<p>I)&nbsp;En nuestra p\u00e1gina de internet&nbsp;<a href=\"file:\/\/\/C:\/Users\/SKD\/Downloads\/www.eemac.edu.mx\">www.eemac.edu.mx<\/a>&nbsp;(secci\u00f3n aviso de privacidad)<\/p>\n\n\n\n<p>II)&nbsp;Anuncios visibles en nuestras oficinas<\/p>\n\n\n\n<p>Si usted considera que su derecho de protecci\u00f3n de datos personales ha sido lesionado por alguna conducta de nuestros empleados o de nuestras actuaciones o respuestas, presume que en el tratamiento de sus datos personales existe alguna violaci\u00f3n a las disposiciones previstas en la Ley Federal de Protecci\u00f3n de Datos Personales en Posesi\u00f3n de los Particulares, podr\u00e1 interponer la queja o denuncia correspondiente ante el IFAI, para mayor informaci\u00f3n visite&nbsp;<a href=\"file:\/\/\/C:\/Users\/SKD\/Downloads\/www.ifai.org.mx\">www.ifai.org.mx<\/a>.<\/p>\n","protected":false},"excerpt":{"rendered":"<p>La Escuela\u00a0de Enfermer\u00eda \u201cManuela \u00c1vila Camacho\u201d de Teziutl\u00e1n, Puebla, A.C. o EEMAC, con domicilio en Av. 5 de Mayo # 202, Colonia Centro, c. P. 73800 de Teziutl\u00e1n, Puebla; es responsable del tratamiento (obtenci\u00f3n, uso y protecci\u00f3n) de sus datos personales. Como contactarnos: Oficina de Privacidad: Direcci\u00f3n de la Escuela de Enfermer\u00eda \u201cManuel \u00c1vila Camacho\u201d<\/p>\n<p><a href=\"https:\/\/eemac.edu.mx\/index.php\/aviso-de-privacidad\/\" class=\"more-link themebutton\">Read More<\/a><\/p>\n","protected":false},"author":1,"featured_media":0,"parent":0,"menu_order":0,"comment_status":"closed","ping_status":"closed","template":"","meta":{"footnotes":""},"class_list":["post-94","page","type-page","status-publish","hentry"],"_links":{"self":[{"href":"https:\/\/eemac.edu.mx\/index.php\/wp-json\/wp\/v2\/pages\/94","targetHints":{"allow":["GET"]}}],"collection":[{"href":"https:\/\/eemac.edu.mx\/index.php\/wp-json\/wp\/v2\/pages"}],"about":[{"href":"https:\/\/eemac.edu.mx\/index.php\/wp-json\/wp\/v2\/types\/page"}],"author":[{"embeddable":true,"href":"https:\/\/eemac.edu.mx\/index.php\/wp-json\/wp\/v2\/users\/1"}],"replies":[{"embeddable":true,"href":"https:\/\/eemac.edu.mx\/index.php\/wp-json\/wp\/v2\/comments?post=94"}],"version-history":[{"count":4,"href":"https:\/\/eemac.edu.mx\/index.php\/wp-json\/wp\/v2\/pages\/94\/revisions"}],"predecessor-version":[{"id":152,"href":"https:\/\/eemac.edu.mx\/index.php\/wp-json\/wp\/v2\/pages\/94\/revisions\/152"}],"wp:attachment":[{"href":"https:\/\/eemac.edu.mx\/index.php\/wp-json\/wp\/v2\/media?parent=94"}],"curies":[{"name":"wp","href":"https:\/\/api.w.org\/{rel}","templated":true}]}}