{"id":8,"date":"2020-08-11T21:24:10","date_gmt":"2020-08-11T21:24:10","guid":{"rendered":"http:\/\/wp.sergiopinto.com.mx\/?page_id=8"},"modified":"2023-06-20T16:47:12","modified_gmt":"2023-06-20T22:47:12","slug":"escuela-enfermeria-teziutlan-mejor","status":"publish","type":"page","link":"https:\/\/eemac.edu.mx\/","title":{"rendered":"Pre-Inscripciones Abiertas Ciclo 2023 &#8211; 2024"},"content":{"rendered":"\n<p class=\"has-black-color has-text-color has-medium-font-size\">Te ofrecemos la carrera de: <strong><em>T\u00e9cnico Profesional en Enfermer\u00eda General<\/em><\/strong><\/p>\n\n\n\n<p class=\"has-black-color has-text-color has-medium-font-size\">Para solicitar informaci\u00f3n, puedes hacerlo por los siguientes medios, en horario de 11 de la ma\u00f1ana a 6 de la tarde de Lunes a Viernes:<\/p>\n\n\n\n<p class=\"has-black-color has-text-color has-medium-font-size\">Por tel\u00e9fono:               231 312 5726<\/p>\n\n\n\n<p class=\"has-black-color has-text-color has-medium-font-size\">V\u00eda WhatsApp:           231 312 5726<\/p>\n\n\n\n<p class=\"has-black-color has-text-color has-medium-font-size\">Correo Electr\u00f3nico:   info@eemac.edu.mx<\/p>\n\n\n\n<p class=\"has-black-color has-text-color has-medium-font-size\">En Facebook b\u00fascanos como: Escuela De Enfermer\u00eda Manuel \u00c1vila Camacho<\/p>\n\n\n\n<p class=\"has-black-color has-text-color has-medium-font-size\">O si lo prefieres, vis\u00edtanos en Av. 5 de Mayo #202, Col. Centro.<\/p>\n\n\n\n<p class=\"has-medium-font-size\">Recuerda traer tu cubrebocas.<\/p>\n","protected":false},"excerpt":{"rendered":"<p>Te ofrecemos la carrera de: T\u00e9cnico Profesional en Enfermer\u00eda General Para solicitar informaci\u00f3n, puedes hacerlo por los siguientes medios, en horario de 11 de la ma\u00f1ana a 6 de la tarde de Lunes a Viernes: Por tel\u00e9fono: 231 312 5726 V\u00eda WhatsApp: 231 312 5726 Correo Electr\u00f3nico: info@eemac.edu.mx En Facebook b\u00fascanos como: Escuela De Enfermer\u00eda<\/p>\n<p><a href=\"https:\/\/eemac.edu.mx\/\" class=\"more-link themebutton\">Read More<\/a><\/p>\n","protected":false},"author":1,"featured_media":0,"parent":0,"menu_order":0,"comment_status":"closed","ping_status":"closed","template":"","meta":{"footnotes":""},"class_list":["post-8","page","type-page","status-publish","hentry"],"_links":{"self":[{"href":"https:\/\/eemac.edu.mx\/index.php\/wp-json\/wp\/v2\/pages\/8","targetHints":{"allow":["GET"]}}],"collection":[{"href":"https:\/\/eemac.edu.mx\/index.php\/wp-json\/wp\/v2\/pages"}],"about":[{"href":"https:\/\/eemac.edu.mx\/index.php\/wp-json\/wp\/v2\/types\/page"}],"author":[{"embeddable":true,"href":"https:\/\/eemac.edu.mx\/index.php\/wp-json\/wp\/v2\/users\/1"}],"replies":[{"embeddable":true,"href":"https:\/\/eemac.edu.mx\/index.php\/wp-json\/wp\/v2\/comments?post=8"}],"version-history":[{"count":29,"href":"https:\/\/eemac.edu.mx\/index.php\/wp-json\/wp\/v2\/pages\/8\/revisions"}],"predecessor-version":[{"id":173,"href":"https:\/\/eemac.edu.mx\/index.php\/wp-json\/wp\/v2\/pages\/8\/revisions\/173"}],"wp:attachment":[{"href":"https:\/\/eemac.edu.mx\/index.php\/wp-json\/wp\/v2\/media?parent=8"}],"curies":[{"name":"wp","href":"https:\/\/api.w.org\/{rel}","templated":true}]}}